{"id":3242,"date":"2022-08-23T11:31:17","date_gmt":"2022-08-23T09:31:17","guid":{"rendered":"https:\/\/globtree.pl\/?page_id=3242"},"modified":"2024-04-15T10:33:25","modified_gmt":"2024-04-15T08:33:25","slug":"datenschutzbestimmungen","status":"publish","type":"page","link":"https:\/\/globtree.pl\/de\/datenschutzbestimmungen\/","title":{"rendered":"Datenschutzbestimmungen"},"content":{"rendered":"<p><strong>\u00a71 Allgemeine Bestimmungen<\/strong><\/p>\n<ol>\n<li>Der Datenverwalter ist GlobTree Sp. z o.o. mit Sitz in Olsztyn (10-683 Olsztyn, ul. W\u0142adys\u0142awa Tryli\u0144skiego 16), eingetragen im Unternehmerregister unter der KRS-Nr.: 0000304081, f\u00fcr das die Registrierungsdateien beim Amtsgericht f\u00fcr Olsztyn, VIII. Wirtschaftsabteilung des Landesgerichtsregisters, NIP: 739-367-92-38, REGON: 280292161, gef\u00fchrt werden. Der Datenschutz erfolgt gem\u00e4\u00df den Anforderungen der allgemein geltenden Gesetze, und die Speicherung erfolgt auf gesicherten Servern.<\/li>\n<li>F\u00fcr die Auslegung von Begriffen ist das Glossar der Allgemeinen Gesch\u00e4ftsbedingungen zu verwenden oder wie in der Datenschutzerkl\u00e4rung beschrieben (wenn es sich direkt aus der Beschreibung ergibt).<\/li>\n<li>Zum besseren Verst\u00e4ndnis der Datenschutzpolitik wurde der Begriff &#8222;Nutzer&#8220; durch &#8222;Sie&#8220; und &#8222;Administrator&#8220; durch &#8222;wir&#8220; ersetzt. Der Begriff &#8222;RODO&#8220; bezeichnet die Verordnung (EU) 2016\/679 des Europ\u00e4ischen Parlaments und des Rates vom 27. April 2016 zum Schutz nat\u00fcrlicher Personen bei der Verarbeitung personenbezogener Daten, zum freien Datenverkehr und zur Aufhebung der Richtlinie 95\/46\/WE.<\/li>\n<li>Wir respektieren das Recht auf Privatsph\u00e4re und gew\u00e4hrleisten die Datensicherheit. Zu diesem Zweck wird unter anderem ein sicheres Kommunikationsverschl\u00fcsselungsprotokoll (SSL) verwendet.<\/li>\n<li>Die pers\u00f6nlichen Daten, die Sie in das Formular auf der Landing Page eingeben, werden vertraulich behandelt und sind f\u00fcr Unbefugte nicht sichtbar.<\/li>\n<\/ol>\n<p><strong>\u00a72 Inhaber der Datenverarbeitung<\/strong><\/p>\n<ol>\n<li>Der Dienstanbieter ist der f\u00fcr die Daten seiner Kunden Verantwortliche. Das hei\u00dft, wenn Sie ein Konto auf unserer Website haben, verarbeiten wir Ihre Daten wie: Vorname, Nachname, E-Mail-Adresse, Telefonnummer, Position, Arbeitsort, IP-Adresse.<\/li>\n<li>Die personenbezogenen Daten werden verarbeitet:\n<ol style=\"list-style-type: lower-alpha;\">\n<li>\u00a0in \u00dcbereinstimmung mit der Datenschutzgesetzgebung,<\/li>\n<li>in \u00dcbereinstimmung mit der implementierten Datenschutzrichtlinie,<\/li>\n<li>in dem Umfang und zu dem Zweck, der f\u00fcr die Begr\u00fcndung, inhaltliche Ausgestaltung, \u00c4nderung oder Beendigung des Vertrages und die ordnungsgem\u00e4\u00dfe Erbringung der elektronisch erbrachten Leistungen erforderlich ist.<\/li>\n<\/ol>\n<\/li>\n<li>\u00a0Jede betroffene Person (wenn wir der f\u00fcr die Verarbeitung Verantwortliche sind) hat das Recht auf Auskunft, Berichtigung, L\u00f6schung oder Einschr\u00e4nkung der Verarbeitung, das Recht auf Widerspruch und das Recht auf Beschwerde bei einer Aufsichtsbeh\u00f6rde.<\/li>\n<li>Wir haben einen Datenschutzbeauftragten ernannt, der in allen Fragen im Zusammenhang mit der Verarbeitung personenbezogener Daten durch den f\u00fcr die Verarbeitung Verantwortlichen kontaktiert werden kann. Die Kontaktaufnahme kann \u00fcber die E-Mail-Adresse erfolgen: iod&amp;globtree.pl oder per Post (ein Brief kann an die Adresse des eingetragenen Firmensitzes des Unternehmens, das f\u00fcr die Verarbeitung Ihrer personenbezogenen Daten verantwortlich ist, geschickt werden).<\/li>\n<li>Wir behalten uns das Recht vor, Ihre Daten nach der Beendigung des Vertrages oder dem Widerruf der Einwilligung nur insoweit zu verarbeiten, als dies zum Zwecke der Geltendmachung etwaiger Anspr\u00fcche vor Gericht erforderlich ist oder wenn nationales oder EU- bzw. internationales Recht uns zur Aufbewahrung der Daten verpflichtet.<\/li>\n<li>Der Dienstanbieter hat das Recht, die personenbezogenen Daten des Nutzers und andere Daten des Nutzers den auf der Grundlage einschl\u00e4giger Rechtsvorschriften befugten Stellen (z. B. Strafverfolgungsbeh\u00f6rden) zur Verf\u00fcgung zu stellen.<\/li>\n<li>Die L\u00f6schung personenbezogener Daten kann infolge des Widerrufs der Einwilligung oder eines gesetzlich zul\u00e4ssigen Widerspruchs gegen die Verarbeitung personenbezogener Daten erfolgen.<\/li>\n<li>Der Diensteanbieter darf personenbezogene Daten nur denjenigen Stellen zur Verf\u00fcgung stellen, die dazu berechtigt sind. als denjenigen, die nach den einschl\u00e4gigen Rechtsvorschriften dazu berechtigt sind.<\/li>\n<li>Wir haben Pseudonymisierung, Datenverschl\u00fcsselung und Zugangskontrolle implementiert, um die Folgen einer m\u00f6glichen Verletzung der Datensicherheit zu minimieren.<\/li>\n<li>Personenbezogene Daten werden nur von Personen verarbeitet, die von uns erm\u00e4chtigt wurden oder von Auftragsverarbeitern, mit denen wir eng zusammenarbeiten.<\/li>\n<\/ol>\n<p><strong>\u00a73 Cookies<\/strong><\/p>\n<ol>\n<li>Die Website globtree.pl verwendet Cookies. Dabei handelt es sich um kleine Textdateien, die von einem Webserver gesendet und von der Computersoftware des Browsers gespeichert werden. Wenn sich der Browser erneut mit der Website verbindet, erkennt die Website, von welchem Ger\u00e4t aus sich der Benutzer verbindet. Die Parameter erlauben es nur dem Server, der sie erstellt hat, die in ihnen enthaltenen Informationen zu lesen. Cookies erleichtern daher die Nutzung bereits besuchter Websites. Die gesammelten Informationen beziehen sich auf die IP-Adresse, die Art des verwendeten Browsers, die Sprache, die Art des Betriebssystems, den Internetdienstanbieter, die Zeit- und Datumsangaben, den Standort und die Informationen, die \u00fcber das Kontaktformular an die Website gesendet werden.<\/li>\n<li>Die gesammelten Daten werden verwendet, um zu \u00fcberwachen und zu \u00fcberpr\u00fcfen, wie die Nutzer unsere Websites nutzen, um die Website zu verbessern und eine effizientere und nahtlosere Navigation zu erm\u00f6glichen. Wir \u00fcberwachen die Nutzerdaten mit Hilfe des Tools Google Analytics, das das Nutzerverhalten auf der Website aufzeichnet. Cookies identifizieren den Nutzer und erm\u00f6glichen es uns, den Inhalt der Website an seine Bed\u00fcrfnisse anzupassen. Indem wir uns Ihre Pr\u00e4ferenzen merken, ist es m\u00f6glich, gezielte Werbung auf Sie zuzuschneiden. Wir verwenden Cookies, um den h\u00f6chsten Komfort auf unserer Website zu gew\u00e4hrleisten, und die gesammelten Daten werden nur innerhalb von GlobTree Sp. z o.o. zur Optimierung des Betriebs verwendet.<\/li>\n<li>Wir verwenden die folgenden Cookies auf unserer Website:<br \/>\n(a) &#8222;wesentliche&#8220; Cookies, die es Ihnen erm\u00f6glichen, die auf der Website verf\u00fcgbaren Dienste zu nutzen, z. B. Authentifizierungs-Cookies, die f\u00fcr Dienste verwendet werden, die eine Authentifizierung auf der Website erfordern;<br \/>\n(b) Cookies, die f\u00fcr Sicherheitszwecke verwendet werden, z. B. um den Missbrauch der Authentifizierung auf der Website zu erkennen;<br \/>\nc) &#8222;Leistungs&#8220;-Cookies, die die Sammlung von Informationen \u00fcber die Nutzung der Website erm\u00f6glichen;<br \/>\nd) &#8222;funktionelle&#8220; Cookies, die es erm\u00f6glichen, sich an die vom Nutzer gew\u00e4hlten Einstellungen zu &#8222;erinnern&#8220; und die Benutzeroberfl\u00e4che zu personalisieren, z. B. im Hinblick auf die gew\u00e4hlte Sprache oder Herkunftsregion des Nutzers, die Schriftgr\u00f6\u00dfe, das Design der Website, usw;<\/li>\n<li>Der Nutzer hat die M\u00f6glichkeit, die Sammlung von Cookies jederzeit zu deaktivieren oder wiederherzustellen, indem er die Einstellungen in seinem Webbrowser \u00e4ndert. Eine Anleitung zur Verwaltung von Cookies finden Sie unter http:\/\/www.allaboutcookies.org\/manage-cookies.<\/li>\n<\/ol>\n<p>Weitere personenbezogene Daten, wie z.B. die E-Mail-Adresse, werden nur dann erhoben, wenn der Nutzer durch Ausf\u00fcllen des Formulars ausdr\u00fccklich zugestimmt hat. Wir speichern und verwenden die oben genannten Daten nur f\u00fcr die Zwecke, die zur Erf\u00fcllung der jeweiligen Funktion erforderlich sind.<\/p>\n","protected":false},"excerpt":{"rendered":"<p>\u00a71 Allgemeine Bestimmungen Der Datenverwalter ist GlobTree Sp. z o.o. mit Sitz in Olsztyn (10-683 Olsztyn, ul. W\u0142adys\u0142awa Tryli\u0144skiego 16), eingetragen im Unternehmerregister unter der KRS-Nr.: 0000304081, f\u00fcr das die Registrierungsdateien beim Amtsgericht f\u00fcr Olsztyn, VIII. Wirtschaftsabteilung des Landesgerichtsregisters, NIP: 739-367-92-38, REGON: 280292161, gef\u00fchrt werden. Der Datenschutz erfolgt gem\u00e4\u00df den Anforderungen der allgemein geltenden Gesetze, [&hellip;]<\/p>\n","protected":false},"author":5,"featured_media":0,"parent":0,"menu_order":0,"comment_status":"closed","ping_status":"open","template":"","meta":{"inline_featured_image":false,"footnotes":""},"class_list":["post-3242","page","type-page","status-publish","hentry"],"acf":[],"yoast_head":"<!-- This site is optimized with the Yoast SEO Premium plugin v26.4 (Yoast SEO v26.4) - https:\/\/yoast.com\/wordpress\/plugins\/seo\/ -->\n<title>Datenschutzbestimmungen - GlobTree<\/title>\n<meta name=\"robots\" content=\"index, follow, max-snippet:-1, max-image-preview:large, max-video-preview:-1\" \/>\n<link rel=\"canonical\" href=\"https:\/\/globtree.pl\/de\/datenschutzbestimmungen\/\" \/>\n<meta property=\"og:locale\" content=\"de_DE\" \/>\n<meta property=\"og:type\" content=\"article\" \/>\n<meta property=\"og:title\" content=\"Datenschutzbestimmungen\" \/>\n<meta property=\"og:description\" content=\"\u00a71 Allgemeine Bestimmungen Der Datenverwalter ist GlobTree Sp. z o.o. mit Sitz in Olsztyn (10-683 Olsztyn, ul. W\u0142adys\u0142awa Tryli\u0144skiego 16), eingetragen im Unternehmerregister unter der KRS-Nr.: 0000304081, f\u00fcr das die Registrierungsdateien beim Amtsgericht f\u00fcr Olsztyn, VIII. Wirtschaftsabteilung des Landesgerichtsregisters, NIP: 739-367-92-38, REGON: 280292161, gef\u00fchrt werden. Der Datenschutz erfolgt gem\u00e4\u00df den Anforderungen der allgemein geltenden Gesetze, [&hellip;]\" \/>\n<meta property=\"og:url\" content=\"https:\/\/globtree.pl\/de\/datenschutzbestimmungen\/\" \/>\n<meta property=\"og:site_name\" content=\"GlobTree\" \/>\n<meta property=\"article:publisher\" content=\"https:\/\/www.facebook.com\/netlandteam\" \/>\n<meta property=\"article:modified_time\" content=\"2024-04-15T08:33:25+00:00\" \/>\n<meta name=\"twitter:card\" content=\"summary_large_image\" \/>\n<meta name=\"twitter:label1\" content=\"Gesch\u00e4tzte Lesezeit\" \/>\n\t<meta name=\"twitter:data1\" content=\"5\u00a0Minuten\" \/>\n<script type=\"application\/ld+json\" class=\"yoast-schema-graph\">{\"@context\":\"https:\/\/schema.org\",\"@graph\":[{\"@type\":\"WebPage\",\"@id\":\"https:\/\/globtree.pl\/de\/datenschutzbestimmungen\/\",\"url\":\"https:\/\/globtree.pl\/de\/datenschutzbestimmungen\/\",\"name\":\"Datenschutzbestimmungen - GlobTree\",\"isPartOf\":{\"@id\":\"https:\/\/globtree.pl\/#website\"},\"datePublished\":\"2022-08-23T09:31:17+00:00\",\"dateModified\":\"2024-04-15T08:33:25+00:00\",\"breadcrumb\":{\"@id\":\"https:\/\/globtree.pl\/de\/datenschutzbestimmungen\/#breadcrumb\"},\"inLanguage\":\"de\",\"potentialAction\":[{\"@type\":\"ReadAction\",\"target\":[\"https:\/\/globtree.pl\/de\/datenschutzbestimmungen\/\"]}]},{\"@type\":\"BreadcrumbList\",\"@id\":\"https:\/\/globtree.pl\/de\/datenschutzbestimmungen\/#breadcrumb\",\"itemListElement\":[{\"@type\":\"ListItem\",\"position\":1,\"name\":\"Strona g\u0142\u00f3wna\",\"item\":\"https:\/\/globtree.pl\/de\/\"},{\"@type\":\"ListItem\",\"position\":2,\"name\":\"Datenschutzbestimmungen\"}]},{\"@type\":\"WebSite\",\"@id\":\"https:\/\/globtree.pl\/#website\",\"url\":\"https:\/\/globtree.pl\/\",\"name\":\"GlobTree\",\"description\":\"Nowoczesny system nadzoru i zarz\u0105dzania przekazem medi\u00f3w tradycyjnych\",\"publisher\":{\"@id\":\"https:\/\/globtree.pl\/#organization\"},\"potentialAction\":[{\"@type\":\"SearchAction\",\"target\":{\"@type\":\"EntryPoint\",\"urlTemplate\":\"https:\/\/globtree.pl\/?s={search_term_string}\"},\"query-input\":{\"@type\":\"PropertyValueSpecification\",\"valueRequired\":true,\"valueName\":\"search_term_string\"}}],\"inLanguage\":\"de\"},{\"@type\":\"Organization\",\"@id\":\"https:\/\/globtree.pl\/#organization\",\"name\":\"GlobTree\",\"url\":\"https:\/\/globtree.pl\/\",\"logo\":{\"@type\":\"ImageObject\",\"inLanguage\":\"de\",\"@id\":\"https:\/\/globtree.pl\/#\/schema\/logo\/image\/\",\"url\":\"https:\/\/globtree.pl\/wp-content\/uploads\/2022\/08\/GlobTree-logo-mid.png\",\"contentUrl\":\"https:\/\/globtree.pl\/wp-content\/uploads\/2022\/08\/GlobTree-logo-mid.png\",\"width\":500,\"height\":104,\"caption\":\"GlobTree\"},\"image\":{\"@id\":\"https:\/\/globtree.pl\/#\/schema\/logo\/image\/\"},\"sameAs\":[\"https:\/\/www.facebook.com\/netlandteam\"]}]}<\/script>\n<!-- \/ Yoast SEO Premium plugin. -->","yoast_head_json":{"title":"Datenschutzbestimmungen - GlobTree","robots":{"index":"index","follow":"follow","max-snippet":"max-snippet:-1","max-image-preview":"max-image-preview:large","max-video-preview":"max-video-preview:-1"},"canonical":"https:\/\/globtree.pl\/de\/datenschutzbestimmungen\/","og_locale":"de_DE","og_type":"article","og_title":"Datenschutzbestimmungen","og_description":"\u00a71 Allgemeine Bestimmungen Der Datenverwalter ist GlobTree Sp. z o.o. mit Sitz in Olsztyn (10-683 Olsztyn, ul. W\u0142adys\u0142awa Tryli\u0144skiego 16), eingetragen im Unternehmerregister unter der KRS-Nr.: 0000304081, f\u00fcr das die Registrierungsdateien beim Amtsgericht f\u00fcr Olsztyn, VIII. Wirtschaftsabteilung des Landesgerichtsregisters, NIP: 739-367-92-38, REGON: 280292161, gef\u00fchrt werden. Der Datenschutz erfolgt gem\u00e4\u00df den Anforderungen der allgemein geltenden Gesetze, [&hellip;]","og_url":"https:\/\/globtree.pl\/de\/datenschutzbestimmungen\/","og_site_name":"GlobTree","article_publisher":"https:\/\/www.facebook.com\/netlandteam","article_modified_time":"2024-04-15T08:33:25+00:00","twitter_card":"summary_large_image","twitter_misc":{"Gesch\u00e4tzte Lesezeit":"5\u00a0Minuten"},"schema":{"@context":"https:\/\/schema.org","@graph":[{"@type":"WebPage","@id":"https:\/\/globtree.pl\/de\/datenschutzbestimmungen\/","url":"https:\/\/globtree.pl\/de\/datenschutzbestimmungen\/","name":"Datenschutzbestimmungen - GlobTree","isPartOf":{"@id":"https:\/\/globtree.pl\/#website"},"datePublished":"2022-08-23T09:31:17+00:00","dateModified":"2024-04-15T08:33:25+00:00","breadcrumb":{"@id":"https:\/\/globtree.pl\/de\/datenschutzbestimmungen\/#breadcrumb"},"inLanguage":"de","potentialAction":[{"@type":"ReadAction","target":["https:\/\/globtree.pl\/de\/datenschutzbestimmungen\/"]}]},{"@type":"BreadcrumbList","@id":"https:\/\/globtree.pl\/de\/datenschutzbestimmungen\/#breadcrumb","itemListElement":[{"@type":"ListItem","position":1,"name":"Strona g\u0142\u00f3wna","item":"https:\/\/globtree.pl\/de\/"},{"@type":"ListItem","position":2,"name":"Datenschutzbestimmungen"}]},{"@type":"WebSite","@id":"https:\/\/globtree.pl\/#website","url":"https:\/\/globtree.pl\/","name":"GlobTree","description":"Nowoczesny system nadzoru i zarz\u0105dzania przekazem medi\u00f3w tradycyjnych","publisher":{"@id":"https:\/\/globtree.pl\/#organization"},"potentialAction":[{"@type":"SearchAction","target":{"@type":"EntryPoint","urlTemplate":"https:\/\/globtree.pl\/?s={search_term_string}"},"query-input":{"@type":"PropertyValueSpecification","valueRequired":true,"valueName":"search_term_string"}}],"inLanguage":"de"},{"@type":"Organization","@id":"https:\/\/globtree.pl\/#organization","name":"GlobTree","url":"https:\/\/globtree.pl\/","logo":{"@type":"ImageObject","inLanguage":"de","@id":"https:\/\/globtree.pl\/#\/schema\/logo\/image\/","url":"https:\/\/globtree.pl\/wp-content\/uploads\/2022\/08\/GlobTree-logo-mid.png","contentUrl":"https:\/\/globtree.pl\/wp-content\/uploads\/2022\/08\/GlobTree-logo-mid.png","width":500,"height":104,"caption":"GlobTree"},"image":{"@id":"https:\/\/globtree.pl\/#\/schema\/logo\/image\/"},"sameAs":["https:\/\/www.facebook.com\/netlandteam"]}]}},"_links":{"self":[{"href":"https:\/\/globtree.pl\/de\/wp-json\/wp\/v2\/pages\/3242","targetHints":{"allow":["GET"]}}],"collection":[{"href":"https:\/\/globtree.pl\/de\/wp-json\/wp\/v2\/pages"}],"about":[{"href":"https:\/\/globtree.pl\/de\/wp-json\/wp\/v2\/types\/page"}],"author":[{"embeddable":true,"href":"https:\/\/globtree.pl\/de\/wp-json\/wp\/v2\/users\/5"}],"replies":[{"embeddable":true,"href":"https:\/\/globtree.pl\/de\/wp-json\/wp\/v2\/comments?post=3242"}],"version-history":[{"count":2,"href":"https:\/\/globtree.pl\/de\/wp-json\/wp\/v2\/pages\/3242\/revisions"}],"predecessor-version":[{"id":3407,"href":"https:\/\/globtree.pl\/de\/wp-json\/wp\/v2\/pages\/3242\/revisions\/3407"}],"wp:attachment":[{"href":"https:\/\/globtree.pl\/de\/wp-json\/wp\/v2\/media?parent=3242"}],"curies":[{"name":"wp","href":"https:\/\/api.w.org\/{rel}","templated":true}]}}