{"id":3238,"date":"2022-08-23T11:31:17","date_gmt":"2022-08-23T09:31:17","guid":{"rendered":"https:\/\/globtree.pl\/?page_id=3238"},"modified":"2024-04-15T11:28:24","modified_gmt":"2024-04-15T09:28:24","slug":"informativa-sulla-privacy-dei-cookie","status":"publish","type":"page","link":"https:\/\/globtree.pl\/it\/informativa-sulla-privacy-dei-cookie\/","title":{"rendered":"Informativa sulla privacy dei cookie"},"content":{"rendered":"<p><strong>\u00a71. Disposizioni generali<\/strong><\/p>\n<ol>\n<li>L\u2019amministratore dei dati \u00e8 GlobTree Societ\u00e0 a Responsabilit\u00e0 Limitata con sede a Olsztyn (10-683 Olsztyn, 16, via W\u0142adys\u0142awa Tryli\u0144skiego), iscritta al Registro degli Imprenditori con il numero KRS: 0000304081, il cui registro \u00e8 tenuto dal Tribunale distrettuale di Olsztyn, 8\u00b0 Dipartimento Commerciale per la Cancelleria del Tribunale Nazionale, Numero Fiscale: 739-367-92-38, Numero di Registro Nazionale delle Imprese: 280292161. La protezione dei dati viene effettuata in conformit\u00e0 ai requisiti della legge generalmente applicabile e la loro archiviazione avviene su server protetti.<\/li>\n<li>Per l\u2019interpretazione dei termini si\u00a0utilizza il glossario del Regolamento o\u00a0quanto descritto nell\u2019Informativa sulla privacy (se\u00a0risulta direttamente dalla descrizione).<\/li>\n<li>Ai fini di una migliore accettazione dell\u2019Informativa sulla privacy, il termine \u201eUtente\u201d \u00e8 stato sostituito dai termini \u201eTu\u201d e\u00a0\u201eAmministratore\u201d \u2013 \u201eNoi\u201d. Il termine \u201eGDPR\u201d indica il Regolamento generale sulla protezione dei dati e\u00a0del Consiglio (UE) 2016\/679 del 27 aprile 2016 relativo alla protezione delle persone fisiche con riguardo al\u00a0trattamento dei dati personali, nonch\u00e9 alla libera circolazione di tali dati e\u00a0all\u2019abrogazione della direttiva 95\/46\/WE.<\/li>\n<li>Rispettiamo il diritto alla privacy e\u00a0ci\u00a0preoccupiamo della sicurezza dei dati. A\u00a0tal fine, tra l\u2019altro, utilizziamo il protocollo di crittografia delle comunicazioni sicure (SSL).<\/li>\n<li>I\u00a0dati personali forniti nel modulo della pagina di destinazione sono trattati come riservati e\u00a0non sono visibili a\u00a0persone non autorizzate.<\/li>\n<\/ol>\n<div class=\"grve-element grve-text\">\n<p><strong>\u00a72. Titolare del trattamento dei dati<\/strong><\/p>\n<ol start=\"6\">\n<li>Il fornitore di servizi \u00e8 il titolare del trattamento dei dati dei propri clienti. Ci\u00f2 significa che se\u00a0avete un account sul nostro sito web, trattiamo i\u00a0vostri dati come nome, cognome, indirizzo e-mail, numero di telefono, posizione, luogo di lavoro, indirizzo IP.<\/li>\n<li>I\u00a0dati personali sono trattati:<br \/>\na) in\u00a0conformit\u00e0 alla legislazione sulla protezione dei dati,<br \/>\nb) in\u00a0conformit\u00e0 con l\u2019Informativa sulla privacy implementata,<br \/>\nc) nella misura e\u00a0per gli scopi necessari per l\u2019istituzione, la\u00a0formazione del contenuto del Contratto, la\u00a0modifica o\u00a0la\u00a0risoluzione dello stesso e\u00a0la\u00a0corretta esecuzione dei Servizi forniti per via elettronica.<\/li>\n<li>Ogni interessato (se\u00a0siamo il titolare del trattamento) ha\u00a0il diritto di accesso, rettifica, cancellazione o\u00a0limitazione del trattamento, il diritto di opporsi, il diritto di proporre reclamo a\u00a0un\u2019autorit\u00e0 di controllo.<\/li>\n<li>Abbiamo nominato un responsabile della protezione dei dati che pu\u00f2 essere contattato per tutte le questioni relative al trattamento dei dati personali da parte del Titolare del trattamento. Il contatto \u00e8 possibile tramite l\u2019indirizzo e-mail: iod(at)globtree.pl o per posta ordinaria (una lettera pu\u00f2 essere inviata all\u2019indirizzo della sede legale della societ\u00e0 che \u00e8 il titolare del trattamento dei vostri dati personali).<\/li>\n<li>Ci\u00a0riserviamo il diritto di trattare i\u00a0dati dell\u2019utente dopo la\u00a0cessazione del Contratto o\u00a0la\u00a0revoca del consenso solo nella misura in\u00a0cui ci\u00f2 sia necessario per far valere eventuali pretese in\u00a0sede giudiziaria o\u00a0se\u00a0il diritto nazionale o\u00a0dell\u2019UE o\u00a0internazionale ci\u00a0obbliga a\u00a0conservare i\u00a0dati.<\/li>\n<li>Il Fornitore di servizi avr\u00e0 il diritto di rendere disponibili i\u00a0dati personali dell\u2019Utente e\u00a0altri dati dell\u2019Utente a\u00a0soggetti autorizzati dalla legislazione in\u00a0materia (ad esempio, le forze dell\u2019ordine).<\/li>\n<li>La\u00a0cancellazione dei dati personali pu\u00f2 avvenire in\u00a0seguito alla revoca del consenso o\u00a0alla presentazione di un\u2019obiezione legalmente consentita al\u00a0trattamento dei dati personali.<\/li>\n<li>Il Fornitore di servizi non render\u00e0 disponibili i\u00a0dati personali a\u00a0soggetti diversi da quelli autorizzati dalla legislazione in\u00a0materia.<\/li>\n<li>Abbiamo implementato la\u00a0pseudonimizzazione, la\u00a0crittografia dei dati e\u00a0il controllo degli accessi per ridurre al\u00a0minimo l\u2019impatto di qualsiasi violazione della sicurezza dei dati.<\/li>\n<li>I\u00a0dati personali sono trattati solo da persone da noi autorizzate o\u00a0da responsabili del trattamento con cui collaboriamo strettamente.<\/li>\n<\/ol>\n<p><strong>\u00a73. File cookies<\/strong><\/p>\n<ol start=\"16\">\n<li>Il sito web globtree.pl utilizza i cookie. Si tratta di piccoli file di testo inviati da un server web e memorizzati dal software del browser. Quando il browser si ricollega al sito, il sito riconosce il tipo di dispositivo da cui l\u2019utente si sta collegando. I parametri consentono solo al server che li ha creati di leggere le informazioni che contengono. I cookie facilitano quindi l\u2019utilizzo di siti visitati in precedenza. Le informazioni raccolte riguardano l\u2019indirizzo IP, il tipo di browser utilizzato, la lingua, il tipo di sistema operativo, il provider di servizi Internet, le informazioni su data e ora, la posizione e le informazioni inviate al sito tramite il modulo di contatto.<\/li>\n<li>I dati raccolti vengono utilizzati per monitorare e vedere come gli utenti utilizzano i nostri siti, al fine di migliorare il sito fornendo un\u2019esperienza di navigazione pi\u00f9 efficiente e continua. Monitoriamo le informazioni degli utenti utilizzando lo strumento Google Analytics, che registra il comportamento degli utenti sul sito. I cookie identificano l\u2019utente, consentendoci di adattare il contenuto del sito alle sue esigenze. Memorizzando le preferenze dell\u2019utente, \u00e8 possibile personalizzare la pubblicit\u00e0 in base alle sue esigenze. Utilizziamo i cookie per garantire il massimo comfort sul nostro sito web e i dati raccolti vengono utilizzati solo all\u2019interno di GlobTree Sp. z o.o. per ottimizzare le operazioni.<\/li>\n<li>Sul nostro sito web utilizziamo i\u00a0seguenti cookie:<br \/>\na) cookie \u201eessenziali\u201d per consentire l\u2019utilizzo dei servizi disponibili sul sito, ad esempio cookie di autenticazione utilizzati per i\u00a0servizi che richiedono l\u2019autenticazione sul sito;<br \/>\nb) cookie utilizzati per scopi di sicurezza, ad esempio utilizzati per rilevare un uso improprio dell\u2019autenticazione del sito;<br \/>\nc) cookie \u201edi prestazione\u201d, che consentono di raccogliere informazioni sull\u2019utilizzo del sito web;<br \/>\nd) cookie \u201efunzionali\u201d, che consentono di \u201ericordare\u201d le impostazioni selezionate dall\u2019utente e\u00a0di personalizzare l\u2019interfaccia dell\u2019utente, ad esempio per quanto riguarda la\u00a0lingua o\u00a0la\u00a0regione di provenienza dell\u2019utente, la\u00a0dimensione dei caratteri, il design del sito web, ecc;<\/li>\n<li>L\u2019utente ha la possibilit\u00e0 di disabilitare o ripristinare la raccolta dei cookie in qualsiasi momento modificando le impostazioni del proprio browser web. Le istruzioni su come gestire i cookie sono disponibili sul sito http:\/\/www.allaboutcookies.org\/manage-cookies.<\/li>\n<\/ol>\n<p>Ulteriori dati personali, come l\u2019indirizzo e-mail, vengono raccolti solo se\u00a0l\u2019utente ha\u00a0espressamente acconsentito alla compilazione del modulo. Conserviamo e\u00a0utilizziamo i\u00a0suddetti dati solo per gli scopi necessari a\u00a0svolgere la\u00a0rispettiva funzione.<\/p>\n<\/div>\n","protected":false},"excerpt":{"rendered":"<p>\u00a71. Disposizioni generali L\u2019amministratore dei dati \u00e8 GlobTree Societ\u00e0 a Responsabilit\u00e0 Limitata con sede a Olsztyn (10-683 Olsztyn, 16, via W\u0142adys\u0142awa Tryli\u0144skiego), iscritta al Registro degli Imprenditori con il numero KRS: 0000304081, il cui registro \u00e8 tenuto dal Tribunale distrettuale di Olsztyn, 8\u00b0 Dipartimento Commerciale per la Cancelleria del Tribunale Nazionale, Numero Fiscale: 739-367-92-38, Numero [&hellip;]<\/p>\n","protected":false},"author":5,"featured_media":0,"parent":0,"menu_order":0,"comment_status":"closed","ping_status":"open","template":"","meta":{"inline_featured_image":false,"footnotes":""},"class_list":["post-3238","page","type-page","status-publish","hentry"],"acf":[],"yoast_head":"<!-- This site is optimized with the Yoast SEO Premium plugin v26.4 (Yoast SEO v26.4) - https:\/\/yoast.com\/wordpress\/plugins\/seo\/ -->\n<title>Informativa sulla privacy dei cookie - GlobTree<\/title>\n<meta name=\"robots\" content=\"index, follow, max-snippet:-1, max-image-preview:large, max-video-preview:-1\" \/>\n<link rel=\"canonical\" href=\"https:\/\/globtree.pl\/polityka-prywatnosci\/\" \/>\n<meta property=\"og:locale\" content=\"it_IT\" \/>\n<meta property=\"og:type\" content=\"article\" \/>\n<meta property=\"og:title\" content=\"Informativa sulla privacy dei cookie\" \/>\n<meta property=\"og:description\" content=\"\u00a71. Disposizioni generali L\u2019amministratore dei dati \u00e8 GlobTree Societ\u00e0 a Responsabilit\u00e0 Limitata con sede a Olsztyn (10-683 Olsztyn, 16, via W\u0142adys\u0142awa Tryli\u0144skiego), iscritta al Registro degli Imprenditori con il numero KRS: 0000304081, il cui registro \u00e8 tenuto dal Tribunale distrettuale di Olsztyn, 8\u00b0 Dipartimento Commerciale per la Cancelleria del Tribunale Nazionale, Numero Fiscale: 739-367-92-38, Numero [&hellip;]\" \/>\n<meta property=\"og:url\" content=\"https:\/\/globtree.pl\/polityka-prywatnosci\/\" \/>\n<meta property=\"og:site_name\" content=\"GlobTree\" \/>\n<meta property=\"article:publisher\" content=\"https:\/\/www.facebook.com\/netlandteam\" \/>\n<meta property=\"article:modified_time\" content=\"2024-04-15T09:28:24+00:00\" \/>\n<meta name=\"twitter:card\" content=\"summary_large_image\" \/>\n<meta name=\"twitter:label1\" content=\"Tempo di lettura stimato\" \/>\n\t<meta name=\"twitter:data1\" content=\"5 minuti\" \/>\n<script type=\"application\/ld+json\" class=\"yoast-schema-graph\">{\"@context\":\"https:\/\/schema.org\",\"@graph\":[{\"@type\":\"WebPage\",\"@id\":\"https:\/\/globtree.pl\/polityka-prywatnosci\/\",\"url\":\"https:\/\/globtree.pl\/polityka-prywatnosci\/\",\"name\":\"Informativa sulla privacy dei cookie - GlobTree\",\"isPartOf\":{\"@id\":\"https:\/\/globtree.pl\/#website\"},\"datePublished\":\"2022-08-23T09:31:17+00:00\",\"dateModified\":\"2024-04-15T09:28:24+00:00\",\"breadcrumb\":{\"@id\":\"https:\/\/globtree.pl\/polityka-prywatnosci\/#breadcrumb\"},\"inLanguage\":\"it-IT\",\"potentialAction\":[{\"@type\":\"ReadAction\",\"target\":[\"https:\/\/globtree.pl\/polityka-prywatnosci\/\"]}]},{\"@type\":\"BreadcrumbList\",\"@id\":\"https:\/\/globtree.pl\/polityka-prywatnosci\/#breadcrumb\",\"itemListElement\":[{\"@type\":\"ListItem\",\"position\":1,\"name\":\"Strona g\u0142\u00f3wna\",\"item\":\"https:\/\/globtree.pl\/it\/\"},{\"@type\":\"ListItem\",\"position\":2,\"name\":\"Informativa sulla privacy dei cookie\"}]},{\"@type\":\"WebSite\",\"@id\":\"https:\/\/globtree.pl\/#website\",\"url\":\"https:\/\/globtree.pl\/\",\"name\":\"GlobTree\",\"description\":\"Nowoczesny system nadzoru i zarz\u0105dzania przekazem medi\u00f3w tradycyjnych\",\"publisher\":{\"@id\":\"https:\/\/globtree.pl\/#organization\"},\"potentialAction\":[{\"@type\":\"SearchAction\",\"target\":{\"@type\":\"EntryPoint\",\"urlTemplate\":\"https:\/\/globtree.pl\/?s={search_term_string}\"},\"query-input\":{\"@type\":\"PropertyValueSpecification\",\"valueRequired\":true,\"valueName\":\"search_term_string\"}}],\"inLanguage\":\"it-IT\"},{\"@type\":\"Organization\",\"@id\":\"https:\/\/globtree.pl\/#organization\",\"name\":\"GlobTree\",\"url\":\"https:\/\/globtree.pl\/\",\"logo\":{\"@type\":\"ImageObject\",\"inLanguage\":\"it-IT\",\"@id\":\"https:\/\/globtree.pl\/#\/schema\/logo\/image\/\",\"url\":\"https:\/\/globtree.pl\/wp-content\/uploads\/2022\/08\/GlobTree-logo-mid.png\",\"contentUrl\":\"https:\/\/globtree.pl\/wp-content\/uploads\/2022\/08\/GlobTree-logo-mid.png\",\"width\":500,\"height\":104,\"caption\":\"GlobTree\"},\"image\":{\"@id\":\"https:\/\/globtree.pl\/#\/schema\/logo\/image\/\"},\"sameAs\":[\"https:\/\/www.facebook.com\/netlandteam\"]}]}<\/script>\n<!-- \/ Yoast SEO Premium plugin. -->","yoast_head_json":{"title":"Informativa sulla privacy dei cookie - GlobTree","robots":{"index":"index","follow":"follow","max-snippet":"max-snippet:-1","max-image-preview":"max-image-preview:large","max-video-preview":"max-video-preview:-1"},"canonical":"https:\/\/globtree.pl\/polityka-prywatnosci\/","og_locale":"it_IT","og_type":"article","og_title":"Informativa sulla privacy dei cookie","og_description":"\u00a71. Disposizioni generali L\u2019amministratore dei dati \u00e8 GlobTree Societ\u00e0 a Responsabilit\u00e0 Limitata con sede a Olsztyn (10-683 Olsztyn, 16, via W\u0142adys\u0142awa Tryli\u0144skiego), iscritta al Registro degli Imprenditori con il numero KRS: 0000304081, il cui registro \u00e8 tenuto dal Tribunale distrettuale di Olsztyn, 8\u00b0 Dipartimento Commerciale per la Cancelleria del Tribunale Nazionale, Numero Fiscale: 739-367-92-38, Numero [&hellip;]","og_url":"https:\/\/globtree.pl\/polityka-prywatnosci\/","og_site_name":"GlobTree","article_publisher":"https:\/\/www.facebook.com\/netlandteam","article_modified_time":"2024-04-15T09:28:24+00:00","twitter_card":"summary_large_image","twitter_misc":{"Tempo di lettura stimato":"5 minuti"},"schema":{"@context":"https:\/\/schema.org","@graph":[{"@type":"WebPage","@id":"https:\/\/globtree.pl\/polityka-prywatnosci\/","url":"https:\/\/globtree.pl\/polityka-prywatnosci\/","name":"Informativa sulla privacy dei cookie - GlobTree","isPartOf":{"@id":"https:\/\/globtree.pl\/#website"},"datePublished":"2022-08-23T09:31:17+00:00","dateModified":"2024-04-15T09:28:24+00:00","breadcrumb":{"@id":"https:\/\/globtree.pl\/polityka-prywatnosci\/#breadcrumb"},"inLanguage":"it-IT","potentialAction":[{"@type":"ReadAction","target":["https:\/\/globtree.pl\/polityka-prywatnosci\/"]}]},{"@type":"BreadcrumbList","@id":"https:\/\/globtree.pl\/polityka-prywatnosci\/#breadcrumb","itemListElement":[{"@type":"ListItem","position":1,"name":"Strona g\u0142\u00f3wna","item":"https:\/\/globtree.pl\/it\/"},{"@type":"ListItem","position":2,"name":"Informativa sulla privacy dei cookie"}]},{"@type":"WebSite","@id":"https:\/\/globtree.pl\/#website","url":"https:\/\/globtree.pl\/","name":"GlobTree","description":"Nowoczesny system nadzoru i zarz\u0105dzania przekazem medi\u00f3w tradycyjnych","publisher":{"@id":"https:\/\/globtree.pl\/#organization"},"potentialAction":[{"@type":"SearchAction","target":{"@type":"EntryPoint","urlTemplate":"https:\/\/globtree.pl\/?s={search_term_string}"},"query-input":{"@type":"PropertyValueSpecification","valueRequired":true,"valueName":"search_term_string"}}],"inLanguage":"it-IT"},{"@type":"Organization","@id":"https:\/\/globtree.pl\/#organization","name":"GlobTree","url":"https:\/\/globtree.pl\/","logo":{"@type":"ImageObject","inLanguage":"it-IT","@id":"https:\/\/globtree.pl\/#\/schema\/logo\/image\/","url":"https:\/\/globtree.pl\/wp-content\/uploads\/2022\/08\/GlobTree-logo-mid.png","contentUrl":"https:\/\/globtree.pl\/wp-content\/uploads\/2022\/08\/GlobTree-logo-mid.png","width":500,"height":104,"caption":"GlobTree"},"image":{"@id":"https:\/\/globtree.pl\/#\/schema\/logo\/image\/"},"sameAs":["https:\/\/www.facebook.com\/netlandteam"]}]}},"_links":{"self":[{"href":"https:\/\/globtree.pl\/it\/wp-json\/wp\/v2\/pages\/3238","targetHints":{"allow":["GET"]}}],"collection":[{"href":"https:\/\/globtree.pl\/it\/wp-json\/wp\/v2\/pages"}],"about":[{"href":"https:\/\/globtree.pl\/it\/wp-json\/wp\/v2\/types\/page"}],"author":[{"embeddable":true,"href":"https:\/\/globtree.pl\/it\/wp-json\/wp\/v2\/users\/5"}],"replies":[{"embeddable":true,"href":"https:\/\/globtree.pl\/it\/wp-json\/wp\/v2\/comments?post=3238"}],"version-history":[{"count":3,"href":"https:\/\/globtree.pl\/it\/wp-json\/wp\/v2\/pages\/3238\/revisions"}],"predecessor-version":[{"id":3420,"href":"https:\/\/globtree.pl\/it\/wp-json\/wp\/v2\/pages\/3238\/revisions\/3420"}],"wp:attachment":[{"href":"https:\/\/globtree.pl\/it\/wp-json\/wp\/v2\/media?parent=3238"}],"curies":[{"name":"wp","href":"https:\/\/api.w.org\/{rel}","templated":true}]}}